{"id":7,"date":"2023-09-04T09:27:36","date_gmt":"2023-09-04T09:27:36","guid":{"rendered":"http:\/\/hollaroses.lcl\/?page_id=7"},"modified":"2023-11-06T09:50:02","modified_gmt":"2023-11-06T09:50:02","slug":"home","status":"publish","type":"page","link":"https:\/\/hollaroses.com\/en\/","title":{"rendered":"Home"},"content":{"rendered":"<div         class=\"section section-pageheader has-no-padding-top-d has-no-padding-bottom-d for-home\">\n                    <img decoding=\"async\" src=\"https:\/\/hollaroses.com\/app\/uploads\/2023\/10\/JEL_2180.jpg\" alt=\"\" class=\"bg-image\">\n                <div class=\"pageheader-content\">\n            <div class=\"container\">\n                                    <div class=\"pageheader-title\">\n                        <h4>Welcome to the world of<\/h4>\n<h1>Holla Roses<\/h1>\n                    <\/div>\n                \n                                    <div class=\"discover\">\n                                                    <a href=\"#featured\" class=\"discover-link\">\n                                <i class=\"fa-solid fa-arrow-left\"><\/i>\n                                <span>Discover<\/span>\n                            <\/a>\n                                            <\/div>\n                            <\/div>\n        <\/div>\n    <\/div>\n\n\n    <div         class=\"section section-image-content has-image-left  has-pattern\">\n        <div class=\"container\">\n            <div class=\"image-content\">\n                                    <div class=\"image\">\n                        <div class=\"image-wrapper\">\n                            <img decoding=\"async\" src=\"https:\/\/hollaroses.com\/app\/uploads\/2023\/10\/JEL_2163.jpg\" alt=\"\">\n                        <\/div>\n                    <\/div>\n                                <div class=\"content\">\n                    <div class=\"content-inner\">\n                                                    <div class=\"content-title\">\n                                <h4>Lovely to meet you,<\/h4>\n<h2>We are Holla Roses<\/h2>\n                            <\/div>\n                                                <div class=\"content-wrapper\">\n                                                            <p>We have been growing roses with great passion since 1986. Initially in the Netherlands and since 2005 in Ethiopia. Quality, customisation, reliability, sustainable and socially responsible rose production is central to everything we do. More than 1,200 enthusiastic employees work for us daily to deliver the most beautiful roses to our customers.<\/p>\n                            \n                                                            <div class=\"button-holder\">\n                                    <a href=\"https:\/\/hollaroses.com\/en\/our-story\/about-us\/\" target=\"_self\"\n                                       class=\"button\">Our story<\/a>\n                                <\/div>\n                                                    <\/div>\n                    <\/div>\n\n                                                                        <div class=\"after-element-text\">\n                                <span>Give a rose&#8230; get a smile!<\/span>\n                            <\/div>\n                                                            <\/div>\n            <\/div>\n        <\/div>\n    <\/div>\n\n\n    <div id='featured' class=\"section section-featured-products\">\n        <div class=\"container\">\n            <div class=\"featured-products-intro\">\n                                    <div class=\"title\">\n                        <h4>Our roses<\/h4>\n<h2>Discover the highlights<\/h2>\n                    <\/div>\n                \n                                    <div class=\"assortment-button\">\n                        <a class=\"button\" href=\"https:\/\/hollaroses.com\/en\/our-roses\/\"\n                           target=\"_self\">View our range<\/a>\n                    <\/div>\n                            <\/div>\n\n                            <div class=\"featured-products\">\n                                            <div class=\"featured-product\">\n                                                            \n                                    <div class=\"product-image\">\n                                        <img decoding=\"async\" src=\"https:\/\/hollaroses.com\/app\/uploads\/2023\/10\/Yoga-trendsetter-trans-scaled.jpg\"\n                                             alt=\"Yoga Trendsetter\">\n                                    <\/div>\n                                                            \n                            <div class=\"product-content\">\n                                <h3>Yoga Trendsetter<\/h3>\n                                                                    <span class=\"category\">Spray roses<\/span>\n                                \n                                <div class=\"button-holder\">\n                                    <a class=\"link\" href=\"https:\/\/hollaroses.com\/en\/rose\/yoga-trend\/\">\n                                        View rose\n                                        <i class=\"fa-solid fa-arrow-right\"><\/i>\n                                    <\/a>\n                                <\/div>\n                            <\/div>\n                        <\/div>\n                                            <div class=\"featured-product\">\n                                                            \n                                    <div class=\"product-image\">\n                                        <img decoding=\"async\" src=\"https:\/\/hollaroses.com\/app\/uploads\/2023\/10\/Tralala-transp-scaled.jpg\"\n                                             alt=\"Tralala\">\n                                    <\/div>\n                                                            \n                            <div class=\"product-content\">\n                                <h3>Tralala<\/h3>\n                                                                    <span class=\"category\">Spray roses<\/span>\n                                \n                                <div class=\"button-holder\">\n                                    <a class=\"link\" href=\"https:\/\/hollaroses.com\/en\/rose\/tralala\/\">\n                                        View rose\n                                        <i class=\"fa-solid fa-arrow-right\"><\/i>\n                                    <\/a>\n                                <\/div>\n                            <\/div>\n                        <\/div>\n                                            <div class=\"featured-product\">\n                                                            \n                                    <div class=\"product-image\">\n                                        <img decoding=\"async\" src=\"https:\/\/hollaroses.com\/app\/uploads\/2023\/10\/Pushkin-trans-scaled.jpg\"\n                                             alt=\"Puskin\">\n                                    <\/div>\n                                                            \n                            <div class=\"product-content\">\n                                <h3>Puskin<\/h3>\n                                                                    <span class=\"category\">Spray roses<\/span>\n                                \n                                <div class=\"button-holder\">\n                                    <a class=\"link\" href=\"https:\/\/hollaroses.com\/en\/rose\/pushkin\/\">\n                                        View rose\n                                        <i class=\"fa-solid fa-arrow-right\"><\/i>\n                                    <\/a>\n                                <\/div>\n                            <\/div>\n                        <\/div>\n                                            <div class=\"featured-product\">\n                                                            \n                                    <div class=\"product-image\">\n                                        <img decoding=\"async\" src=\"https:\/\/hollaroses.com\/app\/uploads\/2023\/10\/Picanto-trans-scaled.jpg\"\n                                             alt=\"Picanto\">\n                                    <\/div>\n                                                            \n                            <div class=\"product-content\">\n                                <h3>Picanto<\/h3>\n                                                                    <span class=\"category\">Spray roses<\/span>\n                                \n                                <div class=\"button-holder\">\n                                    <a class=\"link\" href=\"https:\/\/hollaroses.com\/en\/rose\/picanto\/\">\n                                        View rose\n                                        <i class=\"fa-solid fa-arrow-right\"><\/i>\n                                    <\/a>\n                                <\/div>\n                            <\/div>\n                        <\/div>\n                                    <\/div>\n                    <\/div>\n    <\/div>\n\n\n<div  class=\"section section-full-width-image has-no-padding-top-d has-no-padding-bottom-d has-no-padding-top-m has-no-padding-bottom-m\">\n            <div class=\"image-wrapper\">\n            <img decoding=\"async\" src=\"https:\/\/hollaroses.com\/app\/uploads\/2023\/10\/JEL_2405.jpg\" alt=\"\">\n        <\/div>\n    <\/div>\n\n\n    <div         class=\"section section-image-content has-image-right has-large-padding  has-pattern\">\n        <div class=\"container\">\n            <div class=\"image-content\">\n                                    <div class=\"image\">\n                        <div class=\"image-wrapper\">\n                            <img decoding=\"async\" src=\"https:\/\/hollaroses.com\/app\/uploads\/2023\/11\/P1699203-scaled.jpg\" alt=\"\">\n                        <\/div>\n                    <\/div>\n                                <div class=\"content\">\n                    <div class=\"content-inner\">\n                                                    <div class=\"content-title\">\n                                <h4>Our Nursery<\/h4>\n<h2>In Ethiopia<\/h2>\n                            <\/div>\n                                                <div class=\"content-wrapper\">\n                                                            <p>We believe in providing a socially responsible and climate neutral rose from Ethiopia. This is reflected in the way in which we grow roses. For example, in Ethiopia we only use renewable energy sources, we limit the use of chemicals by applying integrated pest management, we have wetlands to purify and reuse water and we use drip irrigation to limit water consumption. We also have a waste management system to minimize and reuse our waste.<\/p>\n                            \n                                                            <div class=\"button-holder\">\n                                    <a href=\"https:\/\/hollaroses.com\/en\/our-story\/ethiopia\/\" target=\"_self\"\n                                       class=\"button\">Learn more<\/a>\n                                <\/div>\n                                                    <\/div>\n                    <\/div>\n\n                                    <\/div>\n            <\/div>\n        <\/div>\n    <\/div>\n\n\n    <div  class=\"section section-usps bg-purple\">\n        <div class=\"container\">\n            <div class=\"usps-wrapper\">\n                                    <div class=\"content\">\n                        <h4>What we stand for<\/h4>\n<h2>We are Holla Roses<\/h2>\n                    <\/div>\n                \n                                    <div class=\"usps\">\n                                                    <div class=\"usp\">\n                                <div class=\"usp-text-wrapper\">\n                                                                            <div class=\"usp-title\">\n                                            <h3>We are trustworthy<\/h3>\n                                        <\/div>\n                                    \n                                                                            <div class=\"usp-text\">\n                                            <p>We are honest, reliable and have integrity in our actions. For us, this means that we do what we say and say what we do, an agreement is an agreement, every customer has a fixed point of contact. Our employees are open, honest and respectful towards both the customer and each other. This is how we work on sustainable relationships with our customers.<\/p>\n                                        <\/div>\n                                                                    <\/div>\n                            <\/div>\n                                                    <div class=\"usp\">\n                                <div class=\"usp-text-wrapper\">\n                                                                            <div class=\"usp-title\">\n                                            <h3>We deliver quality<\/h3>\n                                        <\/div>\n                                    \n                                                                            <div class=\"usp-text\">\n                                            <p>We want to get the best out of ourselves and each other. With our knowledge and experience, we are continuously  looking for ways to innovate and further improve the shelf life and quality of our roses.<\/p>\n                                        <\/div>\n                                                                    <\/div>\n                            <\/div>\n                                                    <div class=\"usp\">\n                                <div class=\"usp-text-wrapper\">\n                                                                            <div class=\"usp-title\">\n                                            <h3>We deliver customisation<\/h3>\n                                        <\/div>\n                                    \n                                                                            <div class=\"usp-text\">\n                                            <p>We carefully tailor the delivery of our roses to the specific wishes of our customers. Customisation is the starting point of all of our customer relationships<\/p>\n                                        <\/div>\n                                                                    <\/div>\n                            <\/div>\n                                                    <div class=\"usp\">\n                                <div class=\"usp-text-wrapper\">\n                                                                            <div class=\"usp-title\">\n                                            <h3>Sustainable cultivation is in our DNA<\/h3>\n                                        <\/div>\n                                    \n                                                                            <div class=\"usp-text\">\n                                            <p>We take that extra step. Complying with all rules, regulations and sustainability certifications is a given, but we go further. Sustainable cultivation is a process of trial and error, but it comes naturally to us.<\/p>\n                                        <\/div>\n                                                                    <\/div>\n                            <\/div>\n                                                    <div class=\"usp\">\n                                <div class=\"usp-text-wrapper\">\n                                                                            <div class=\"usp-title\">\n                                            <h3>We offer an extensive range<\/h3>\n                                        <\/div>\n                                    \n                                                                            <div class=\"usp-text\">\n                                            <p>With passion, care and an eye for the market, Holla Roses offers a wide range of multiple varieties and colors of 'single' and 'spray' roses.<\/p>\n                                        <\/div>\n                                                                    <\/div>\n                            <\/div>\n                                            <\/div>\n                            <\/div>\n        <\/div>\n    <\/div>\n\n\n    <div         class=\"section section-image-content has-image-left  has-pattern\">\n        <div class=\"container\">\n            <div class=\"image-content\">\n                                    <div class=\"image\">\n                        <div class=\"image-wrapper\">\n                            <img decoding=\"async\" src=\"https:\/\/hollaroses.com\/app\/uploads\/2023\/10\/JEL_1412.jpg\" alt=\"\">\n                        <\/div>\n                    <\/div>\n                                <div class=\"content\">\n                    <div class=\"content-inner\">\n                                                    <div class=\"content-title\">\n                                <h4>Our office<\/h4>\n<h2>In Aalsmeer<\/h2>\n                            <\/div>\n                                                <div class=\"content-wrapper\">\n                                                            <p>At our location in Aalsmeer, we process approximately 300,000 roses daily for our customers. Being situated on the premises of the flower auction Royal FloraHolland Aalsmeer ensures speed in the logistical process. Quality inspectors check for quality and inspect for damages, thus guaranteeing the highest possible quality. We have a dedicated space for blooming, where we weekly assess how roses react at room temperature in vases. Customization is highly valued by us. In consultation with the customer, roses are arranged in bouquets or buckets, placed in water, and provided with stickers and\/or nutrients. This way, we tailor our approach to meet the customer's demands.<\/p>\n                            \n                                                            <div class=\"button-holder\">\n                                    <a href=\"https:\/\/hollaroses.com\/en\/our-story\/aalsmeer\/\" target=\"_self\"\n                                       class=\"button\">Get to know us<\/a>\n                                <\/div>\n                                                    <\/div>\n                    <\/div>\n\n                                    <\/div>\n            <\/div>\n        <\/div>\n    <\/div>","protected":false},"excerpt":{"rendered":"","protected":false},"author":1,"featured_media":0,"parent":0,"menu_order":0,"comment_status":"closed","ping_status":"closed","template":"","meta":{"_acf_changed":false,"footnotes":""},"class_list":["post-7","page","type-page","status-publish","hentry"],"acf":[],"yoast_head":"<!-- This site is optimized with the Yoast SEO plugin v24.6 - https:\/\/yoast.com\/wordpress\/plugins\/seo\/ -->\n<title>Holla Roses Fairtrade Rozenteelt | Holla Roses<\/title>\n<meta name=\"description\" content=\"Tijdens de duurzame en sociaal verantwoordelijke rozenproductie in Ethiopi\u00eb hanteert deze, van origine Nederlandse, rozenkweker m\u00e9\u00e9r dan de gestelde normen die keurmerken eisen.\" \/>\n<meta name=\"robots\" content=\"index, follow, max-snippet:-1, max-image-preview:large, max-video-preview:-1\" \/>\n<link rel=\"canonical\" href=\"https:\/\/hollaroses.fresh-dev.site\/\" \/>\n<meta property=\"og:locale\" content=\"en_GB\" \/>\n<meta property=\"og:type\" content=\"article\" \/>\n<meta property=\"og:title\" content=\"Holla Roses Fairtrade Rozenteelt | Holla Roses\" \/>\n<meta property=\"og:description\" content=\"Tijdens de duurzame en sociaal verantwoordelijke rozenproductie in Ethiopi\u00eb hanteert deze, van origine Nederlandse, rozenkweker m\u00e9\u00e9r dan de gestelde normen die keurmerken eisen.\" \/>\n<meta property=\"og:url\" content=\"https:\/\/hollaroses.fresh-dev.site\/\" \/>\n<meta property=\"og:site_name\" content=\"Holla Roses\" \/>\n<meta property=\"article:publisher\" content=\"https:\/\/www.facebook.com\/HollaRosesBv\" \/>\n<meta property=\"article:modified_time\" content=\"2023-11-06T09:50:02+00:00\" \/>\n<meta property=\"og:image\" content=\"https:\/\/hollaroses.com\/app\/uploads\/2023\/11\/Social-OG-image-Holla-Roses.png\" \/>\n\t<meta property=\"og:image:width\" content=\"1200\" \/>\n\t<meta property=\"og:image:height\" content=\"627\" \/>\n\t<meta property=\"og:image:type\" content=\"image\/png\" \/>\n<meta name=\"twitter:card\" content=\"summary_large_image\" \/>\n<script type=\"application\/ld+json\" class=\"yoast-schema-graph\">{\"@context\":\"https:\/\/schema.org\",\"@graph\":[{\"@type\":\"WebPage\",\"@id\":\"https:\/\/hollaroses.fresh-dev.site\/\",\"url\":\"https:\/\/hollaroses.fresh-dev.site\/\",\"name\":\"Holla Roses Fairtrade Rozenteelt | Holla Roses\",\"isPartOf\":{\"@id\":\"https:\/\/hollaroses.com\/#website\"},\"datePublished\":\"2023-09-04T09:27:36+00:00\",\"dateModified\":\"2023-11-06T09:50:02+00:00\",\"description\":\"Tijdens de duurzame en sociaal verantwoordelijke rozenproductie in Ethiopi\u00eb hanteert deze, van origine Nederlandse, rozenkweker m\u00e9\u00e9r dan de gestelde normen die keurmerken eisen.\",\"breadcrumb\":{\"@id\":\"https:\/\/hollaroses.fresh-dev.site\/#breadcrumb\"},\"inLanguage\":\"en-GB\",\"potentialAction\":[{\"@type\":\"ReadAction\",\"target\":[\"https:\/\/hollaroses.fresh-dev.site\/\"]}]},{\"@type\":\"BreadcrumbList\",\"@id\":\"https:\/\/hollaroses.fresh-dev.site\/#breadcrumb\",\"itemListElement\":[{\"@type\":\"ListItem\",\"position\":1,\"name\":\"Home\",\"item\":\"https:\/\/hollaroses.fresh-dev.site\/\"},{\"@type\":\"ListItem\",\"position\":2,\"name\":\"Home\"}]},{\"@type\":\"WebSite\",\"@id\":\"https:\/\/hollaroses.com\/#website\",\"url\":\"https:\/\/hollaroses.com\/\",\"name\":\"Holla Roses\",\"description\":\"Give a rose.... get a smile!\",\"publisher\":{\"@id\":\"https:\/\/hollaroses.com\/#organization\"},\"potentialAction\":[{\"@type\":\"SearchAction\",\"target\":{\"@type\":\"EntryPoint\",\"urlTemplate\":\"https:\/\/hollaroses.com\/?s={search_term_string}\"},\"query-input\":{\"@type\":\"PropertyValueSpecification\",\"valueRequired\":true,\"valueName\":\"search_term_string\"}}],\"inLanguage\":\"en-GB\"},{\"@type\":\"Organization\",\"@id\":\"https:\/\/hollaroses.com\/#organization\",\"name\":\"Holla Roses\",\"url\":\"https:\/\/hollaroses.com\/\",\"logo\":{\"@type\":\"ImageObject\",\"inLanguage\":\"en-GB\",\"@id\":\"https:\/\/hollaroses.com\/#\/schema\/logo\/image\/\",\"url\":\"https:\/\/hollaroses.com\/app\/uploads\/2023\/10\/Social-OG-image-Holla-Roses.png\",\"contentUrl\":\"https:\/\/hollaroses.com\/app\/uploads\/2023\/10\/Social-OG-image-Holla-Roses.png\",\"width\":1200,\"height\":627,\"caption\":\"Holla Roses\"},\"image\":{\"@id\":\"https:\/\/hollaroses.com\/#\/schema\/logo\/image\/\"},\"sameAs\":[\"https:\/\/www.facebook.com\/HollaRosesBv\",\"https:\/\/www.instagram.com\/holla_roses_bv\/\",\"https:\/\/www.linkedin.com\/company\/holla-roses\/\"]}]}<\/script>\n<!-- \/ Yoast SEO plugin. -->","yoast_head_json":{"title":"Holla Roses Fairtrade Rozenteelt | Holla Roses","description":"Tijdens de duurzame en sociaal verantwoordelijke rozenproductie in Ethiopi\u00eb hanteert deze, van origine Nederlandse, rozenkweker m\u00e9\u00e9r dan de gestelde normen die keurmerken eisen.","robots":{"index":"index","follow":"follow","max-snippet":"max-snippet:-1","max-image-preview":"max-image-preview:large","max-video-preview":"max-video-preview:-1"},"canonical":"https:\/\/hollaroses.fresh-dev.site\/","og_locale":"en_GB","og_type":"article","og_title":"Holla Roses Fairtrade Rozenteelt | Holla Roses","og_description":"Tijdens de duurzame en sociaal verantwoordelijke rozenproductie in Ethiopi\u00eb hanteert deze, van origine Nederlandse, rozenkweker m\u00e9\u00e9r dan de gestelde normen die keurmerken eisen.","og_url":"https:\/\/hollaroses.fresh-dev.site\/","og_site_name":"Holla Roses","article_publisher":"https:\/\/www.facebook.com\/HollaRosesBv","article_modified_time":"2023-11-06T09:50:02+00:00","og_image":[{"width":1200,"height":627,"url":"https:\/\/hollaroses.com\/app\/uploads\/2023\/11\/Social-OG-image-Holla-Roses.png","type":"image\/png"}],"twitter_card":"summary_large_image","schema":{"@context":"https:\/\/schema.org","@graph":[{"@type":"WebPage","@id":"https:\/\/hollaroses.fresh-dev.site\/","url":"https:\/\/hollaroses.fresh-dev.site\/","name":"Holla Roses Fairtrade Rozenteelt | Holla Roses","isPartOf":{"@id":"https:\/\/hollaroses.com\/#website"},"datePublished":"2023-09-04T09:27:36+00:00","dateModified":"2023-11-06T09:50:02+00:00","description":"Tijdens de duurzame en sociaal verantwoordelijke rozenproductie in Ethiopi\u00eb hanteert deze, van origine Nederlandse, rozenkweker m\u00e9\u00e9r dan de gestelde normen die keurmerken eisen.","breadcrumb":{"@id":"https:\/\/hollaroses.fresh-dev.site\/#breadcrumb"},"inLanguage":"en-GB","potentialAction":[{"@type":"ReadAction","target":["https:\/\/hollaroses.fresh-dev.site\/"]}]},{"@type":"BreadcrumbList","@id":"https:\/\/hollaroses.fresh-dev.site\/#breadcrumb","itemListElement":[{"@type":"ListItem","position":1,"name":"Home","item":"https:\/\/hollaroses.fresh-dev.site\/"},{"@type":"ListItem","position":2,"name":"Home"}]},{"@type":"WebSite","@id":"https:\/\/hollaroses.com\/#website","url":"https:\/\/hollaroses.com\/","name":"Holla Roses","description":"Give a rose.... get a smile!","publisher":{"@id":"https:\/\/hollaroses.com\/#organization"},"potentialAction":[{"@type":"SearchAction","target":{"@type":"EntryPoint","urlTemplate":"https:\/\/hollaroses.com\/?s={search_term_string}"},"query-input":{"@type":"PropertyValueSpecification","valueRequired":true,"valueName":"search_term_string"}}],"inLanguage":"en-GB"},{"@type":"Organization","@id":"https:\/\/hollaroses.com\/#organization","name":"Holla Roses","url":"https:\/\/hollaroses.com\/","logo":{"@type":"ImageObject","inLanguage":"en-GB","@id":"https:\/\/hollaroses.com\/#\/schema\/logo\/image\/","url":"https:\/\/hollaroses.com\/app\/uploads\/2023\/10\/Social-OG-image-Holla-Roses.png","contentUrl":"https:\/\/hollaroses.com\/app\/uploads\/2023\/10\/Social-OG-image-Holla-Roses.png","width":1200,"height":627,"caption":"Holla Roses"},"image":{"@id":"https:\/\/hollaroses.com\/#\/schema\/logo\/image\/"},"sameAs":["https:\/\/www.facebook.com\/HollaRosesBv","https:\/\/www.instagram.com\/holla_roses_bv\/","https:\/\/www.linkedin.com\/company\/holla-roses\/"]}]}},"_links":{"self":[{"href":"https:\/\/hollaroses.com\/en\/wp-json\/wp\/v2\/pages\/7","targetHints":{"allow":["GET"]}}],"collection":[{"href":"https:\/\/hollaroses.com\/en\/wp-json\/wp\/v2\/pages"}],"about":[{"href":"https:\/\/hollaroses.com\/en\/wp-json\/wp\/v2\/types\/page"}],"author":[{"embeddable":true,"href":"https:\/\/hollaroses.com\/en\/wp-json\/wp\/v2\/users\/1"}],"replies":[{"embeddable":true,"href":"https:\/\/hollaroses.com\/en\/wp-json\/wp\/v2\/comments?post=7"}],"version-history":[{"count":0,"href":"https:\/\/hollaroses.com\/en\/wp-json\/wp\/v2\/pages\/7\/revisions"}],"wp:attachment":[{"href":"https:\/\/hollaroses.com\/en\/wp-json\/wp\/v2\/media?parent=7"}],"curies":[{"name":"wp","href":"https:\/\/api.w.org\/{rel}","templated":true}]}}